{"id":284,"date":"2021-09-15T18:40:28","date_gmt":"2021-09-15T16:40:28","guid":{"rendered":"https:\/\/www.laufdersympathie.de\/?page_id=284"},"modified":"2024-11-13T15:34:50","modified_gmt":"2024-11-13T14:34:50","slug":"kinderlauf","status":"publish","type":"page","link":"https:\/\/www.laufdersympathie.de\/?page_id=284","title":{"rendered":"Kinderlauf"},"content":{"rendered":"\n<p>Auch in diesem Jahr wird es wieder einen Kinderlauf f\u00fcr die Kleinen geben. Kinder im Alter ab 3 bis 10 Jahren k\u00f6nnen eine ca. 1.000m lange Runde durch die Altstadt laufen. Der Start ist um 11.00 Uhr vor dem Rathaus Spandau. <\/p>\n\n\n\n<p>Die Anmeldung erfolgt formlos entweder im Rahmen der Startnummernausgabe am Freitag und Samstag in den Spandau Arcaden oder ab 10.00 Uhr vor dem Rathaus Spandau.<\/p>\n\n\n\n<p>Die Teilnahme ist aufgrund der gro\u00dfz\u00fcgigen Unterst\u00fctzung unserer Sponsoren und Partner kostenlos.<\/p>\n\n\n\n<p>F\u00fcr alle Finisher gibt es eine Auszeichnung, eine kleine \u00dcberraschung und eine Teilnahmeurkunde.<\/p>\n","protected":false},"excerpt":{"rendered":"<p>Auch in diesem Jahr wird es wieder einen Kinderlauf f\u00fcr die Kleinen geben. Kinder im Alter ab 3 bis 10 Jahren k\u00f6nnen eine ca. 1.000m lange Runde durch die Altstadt laufen. Der Start ist um 11.00 Uhr vor dem Rathaus Spandau. Die Anmeldung erfolgt formlos entweder im Rahmen der Startnummernausgabe am Freitag und Samstag in&hellip; <a class=\"more-link\" href=\"https:\/\/www.laufdersympathie.de\/?page_id=284\"><span class=\"screen-reader-text\">Kinderlauf<\/span> weiterlesen<\/a><\/p>\n","protected":false},"author":1,"featured_media":0,"parent":47,"menu_order":4,"comment_status":"closed","ping_status":"closed","template":"","meta":[],"folder":[],"_links":{"self":[{"href":"https:\/\/www.laufdersympathie.de\/index.php?rest_route=\/wp\/v2\/pages\/284"}],"collection":[{"href":"https:\/\/www.laufdersympathie.de\/index.php?rest_route=\/wp\/v2\/pages"}],"about":[{"href":"https:\/\/www.laufdersympathie.de\/index.php?rest_route=\/wp\/v2\/types\/page"}],"author":[{"embeddable":true,"href":"https:\/\/www.laufdersympathie.de\/index.php?rest_route=\/wp\/v2\/users\/1"}],"replies":[{"embeddable":true,"href":"https:\/\/www.laufdersympathie.de\/index.php?rest_route=%2Fwp%2Fv2%2Fcomments&post=284"}],"version-history":[{"count":4,"href":"https:\/\/www.laufdersympathie.de\/index.php?rest_route=\/wp\/v2\/pages\/284\/revisions"}],"predecessor-version":[{"id":484,"href":"https:\/\/www.laufdersympathie.de\/index.php?rest_route=\/wp\/v2\/pages\/284\/revisions\/484"}],"up":[{"embeddable":true,"href":"https:\/\/www.laufdersympathie.de\/index.php?rest_route=\/wp\/v2\/pages\/47"}],"wp:attachment":[{"href":"https:\/\/www.laufdersympathie.de\/index.php?rest_route=%2Fwp%2Fv2%2Fmedia&parent=284"}],"wp:term":[{"taxonomy":"folder","embeddable":true,"href":"https:\/\/www.laufdersympathie.de\/index.php?rest_route=%2Fwp%2Fv2%2Ffolder&post=284"}],"curies":[{"name":"wp","href":"https:\/\/api.w.org\/{rel}","templated":true}]}}